{"id":3,"date":"2025-03-07T15:38:29","date_gmt":"2025-03-07T14:38:29","guid":{"rendered":"http:\/\/goudes-life.fr\/?page_id=3"},"modified":"2025-04-15T16:55:18","modified_gmt":"2025-04-15T14:55:18","slug":"mentions-legales","status":"publish","type":"page","link":"https:\/\/goudeslife.fr\/en\/mentions-legales\/","title":{"rendered":"Mentions L\u00e9gales"},"content":{"rendered":"<div data-elementor-type=\"wp-page\" data-elementor-id=\"3\" class=\"elementor elementor-3\" data-elementor-post-type=\"page\">\n\t\t\t\t<div class=\"elementor-element elementor-element-129e670 e-flex e-con-boxed e-con e-parent\" data-id=\"129e670\" data-element_type=\"container\" data-e-type=\"container\">\n\t\t\t\t\t<div class=\"e-con-inner\">\n\t\t\t\t<div class=\"elementor-element elementor-element-a087b6d elementor-widget elementor-widget-heading\" data-id=\"a087b6d\" data-element_type=\"widget\" data-e-type=\"widget\" data-widget_type=\"heading.default\">\n\t\t\t\t<div class=\"elementor-widget-container\">\n\t\t\t\t\t<h1 class=\"elementor-heading-title elementor-size-default\">Legal notices<\/h1>\t\t\t\t<\/div>\n\t\t\t\t<\/div>\n\t\t\t\t<div class=\"elementor-element elementor-element-474fc3a elementor-widget elementor-widget-text-editor\" data-id=\"474fc3a\" data-element_type=\"widget\" data-e-type=\"widget\" data-widget_type=\"text-editor.default\">\n\t\t\t\t<div class=\"elementor-widget-container\">\n\t\t\t\t\t\t\t\t\t<p><strong>1. Company information :<\/strong><br \/><br \/>Goudes Life is a<br \/>Siret :\u00a0<br \/>Head office address :\u00a0<br \/>Phone number :<br \/>E-mail address : contact@goudeslife.fr<br \/>Registration number with the register of commerce and companies (RCS) <br \/><br \/><strong>2. Contact information of the responsible of the publication<\/strong><br \/><br \/>Name : Agence YE<br \/>Position in company : service Provider\u00a0<br \/>E-mail address : contact@agence-ye.fr<br \/>Phone : 05 61 38 75 19<br \/><br \/><strong>3. Host site :<\/strong><br \/><br \/>Name of hosting provider : Hostinger<br \/>Name of the host<br \/>Address of the host<br \/>Telephone number of the host<br \/><br \/><strong>4. Proposed activities :<\/strong><br \/><br \/>Rental accommodation\u00a0<br \/>Boat rental\u00a0<br \/>Chauffeur hire private\u00a0<br \/>All kinds of services related to the conciergerie de luxe\u00a0<br \/><br \/><strong>5. General Conditions of sale (GTC) :<\/strong><br \/><br \/>Links to your terms and conditions of sale, which must be accessible from the page of Legal Notices.<br \/><br \/><strong>6. Privacy policy :<\/strong><br \/><br \/>https:\/\/goudeslife.fr\/politique-de-confidentialite\/\u2028<br \/><strong><br \/>7. Intellectual property :<\/strong><br \/>All of the content present on the site, including, but not limited to, text, graphics, logos, images, icons, buttons, as well as the selection and arrangement thereof, is the exclusive property of Goudes Life, unless otherwise stated.<br \/>All of the items on this site are protected by national and international laws relating to intellectual property. No reproduction, distribution, modification, retransmission or publication of this content is permitted without the prior written permission of Goudes Life.<br \/>Goudes Life also holds the copyright on the source code, design and structure of this website. Any unauthorized attempt to copy or modification of the source code, including but not limited to, for purposes of reverse engineering is strictly prohibited.<br \/>The trademarks, logos and names of products mentioned on this site are the property of their respective owners and are used for informational purposes only. Their use in no way constitutes an endorsement, association or affiliation with Goudes Life.<\/p>\t\t\t\t\t\t\t\t<\/div>\n\t\t\t\t<\/div>\n\t\t\t\t\t<\/div>\n\t\t\t\t<\/div>\n\t\t\t\t<\/div>","protected":false},"excerpt":{"rendered":"<p>Mentions l\u00e9gales 1. Informations sur l\u2019entreprise : Goudes Life est uneSiret :\u00a0Adresse du si\u00e8ge social :\u00a0Num\u00e9ro de t\u00e9l\u00e9phone :Adresse e-mail : contact@goudeslife.frNum\u00e9ro d\u2019inscription au registre du commerce et des soci\u00e9t\u00e9s (RCS) 2.\u00a0Coordonn\u00e9es du responsable de la publication Raison sociale : Agence YEFonction dans l\u2019entreprise : Prestataire\u00a0Adresse mail : contact@agence-ye.frNum\u00e9ro de t\u00e9l\u00e9phone : 05 61 38 [&hellip;]<\/p>\n","protected":false},"author":1,"featured_media":0,"parent":0,"menu_order":0,"comment_status":"closed","ping_status":"open","template":"","meta":{"_seopress_robots_primary_cat":"","_seopress_titles_title":"","_seopress_titles_desc":"","_seopress_robots_index":"yes","footnotes":""},"class_list":["post-3","page","type-page","status-publish","hentry"],"_links":{"self":[{"href":"https:\/\/goudeslife.fr\/en\/wp-json\/wp\/v2\/pages\/3","targetHints":{"allow":["GET"]}}],"collection":[{"href":"https:\/\/goudeslife.fr\/en\/wp-json\/wp\/v2\/pages"}],"about":[{"href":"https:\/\/goudeslife.fr\/en\/wp-json\/wp\/v2\/types\/page"}],"author":[{"embeddable":true,"href":"https:\/\/goudeslife.fr\/en\/wp-json\/wp\/v2\/users\/1"}],"replies":[{"embeddable":true,"href":"https:\/\/goudeslife.fr\/en\/wp-json\/wp\/v2\/comments?post=3"}],"version-history":[{"count":17,"href":"https:\/\/goudeslife.fr\/en\/wp-json\/wp\/v2\/pages\/3\/revisions"}],"predecessor-version":[{"id":2471,"href":"https:\/\/goudeslife.fr\/en\/wp-json\/wp\/v2\/pages\/3\/revisions\/2471"}],"wp:attachment":[{"href":"https:\/\/goudeslife.fr\/en\/wp-json\/wp\/v2\/media?parent=3"}],"curies":[{"name":"wp","href":"https:\/\/api.w.org\/{rel}","templated":true}]}}